{"id":106,"date":"2015-07-18T09:20:40","date_gmt":"2015-07-18T09:20:40","guid":{"rendered":"https:\/\/kurguasansor.com.tr\/?page_id=106"},"modified":"2022-03-08T14:53:40","modified_gmt":"2022-03-08T11:53:40","slug":"home-1","status":"publish","type":"page","link":"https:\/\/kurguasansor.com.tr\/fr\/","title":{"rendered":"Ana Sayfa"},"content":{"rendered":"<p>[vc_row css=\u00a0\u00bb.vc_custom_1644860805983{padding-top: 2px !important;padding-bottom: 2px !important;background-color: #353a47 !important;}\u00a0\u00bb][vc_column][\/vc_column][\/vc_row][vc_row parallax_style=\u00a0\u00bbnone\u00a0\u00bb parallax_scroll_effect=\u00a0\u00bbfixed\u00a0\u00bb][vc_column][rev_slider_vc alias=\u00a0\u00bbkurgu-tr-11&Prime;][\/vc_column][\/vc_row][vc_row css=\u00a0\u00bb.vc_custom_1644860805983{padding-top: 2px !important;padding-bottom: 2px !important;background-color: #353a47 !important;}\u00a0\u00bb][vc_column][\/vc_column][\/vc_row][vc_row layout=\u00a0\u00bbboxed\u00a0\u00bb parallax_style=\u00a0\u00bbnone\u00a0\u00bb parallax_scroll_effect=\u00a0\u00bbfixed\u00a0\u00bb el_class=\u00a0\u00bbtext-center margin-bottom-100&Prime; css=\u00a0\u00bb.vc_custom_1644868447852{padding-top: 15px !important;}\u00a0\u00bb][vc_column width=\u00a0\u00bb5\/12&Prime; el_class=\u00a0\u00bbcol-md-5 col-sm-12 col-xs-12&Prime;][vc_empty_space height=\u00a0\u00bb35px\u00a0\u00bb][vc_single_image image=\u00a0\u00bb1088&Prime; img_size=\u00a0\u00bbfull\u00a0\u00bb][\/vc_column][vc_column width=\u00a0\u00bb7\/12&Prime; css=\u00a0\u00bb.vc_custom_1644868469175{padding-top: 57px !important;}\u00a0\u00bb el_class=\u00a0\u00bbcol-md-7 col-sm-12 col-xs-12&Prime;]\t\t\t<div\n\t\t\t\tclass=\"darna-heading style1 \" >\n\t\t\t\t\t\t\t\t\t<h2>ASCENSEUR KURGU INC.<\/h2>\n\t\t\t\t\t\t\t\t\t\t\t\t\t<p>Bienvenue...<\/p>\n\t\t\t\t\t\t\t<\/div>\n\t\t\t[vc_column_text css=\u00a0\u00bb.vc_custom_1645615022595{padding-top: 33px !important;padding-bottom: 33px !important;}\u00a0\u00bb]<\/p>\n<p style=\"text-align: justify;\">Notre soci\u00e9t\u00e9, qui op\u00e8re dans le \u00ab\u00a0projet, conception, fabrication et vente\u00a0\u00bb de pi\u00e8ces et composants d&rsquo;ascenseurs de diff\u00e9rents types et capacit\u00e9s, a commenc\u00e9 sa vie active \u00e0 Antalya en 1998. Il offre des ann\u00e9es d&rsquo;exp\u00e9rience dans l&rsquo;industrie des ascenseurs, qui est l&rsquo;un des \u00e9l\u00e9ments les plus importants de l&rsquo;urbanisation verticale, et les r\u00e9sultats de cette exp\u00e9rience \u00e0 votre service. Notre entreprise, qui propose des conceptions et des fabrications bas\u00e9es sur les exigences de s\u00e9curit\u00e9, de fiabilit\u00e9, de performance, de confort, d&rsquo;esth\u00e9tique et d&rsquo;ergonomie, rassemble toutes les caract\u00e9ristiques communes que la soci\u00e9t\u00e9 moderne d&rsquo;aujourd&rsquo;hui et de demain esp\u00e8re voir, avec ses produits qui suivent l&rsquo;\u00e9volution de la technologie, peuvent utiliser ses ressources de mani\u00e8re efficace et ouverte au d\u00e9veloppement, dans le cadre de la satisfaction client.<\/p>\n<p>[\/vc_column_text]\t\t\t\t\t\t<a class=\"darna-button size-sm style1 icon-left  \"\n\t\t\t   href=\"https:\/\/kurguasansor.com.tr\/hakkimizda\/\"\n\t\t\t   title=\"\u00c0 PROPOS DE NOUS\"\n\t\t\t   target=\"_self\"\n\t\t\t\t>\n\t\t\t\t\u00c0 PROPOS DE NOUS\t\t\t<\/a>\n\t\t\t\t\t[\/vc_column][\/vc_row][vc_row overlay_set=\u00a0\u00bbshow_overlay_color\u00a0\u00bb overlay_color=\u00a0\u00bb#000000&Prime; overlay_opacity=\u00a0\u00bb75&Prime; parallax_style=\u00a0\u00bbvertical-parallax\u00a0\u00bb parallax_scroll_effect=\u00a0\u00bbfixed\u00a0\u00bb css=\u00a0\u00bb.vc_custom_1493023061509{margin-right: 0px !important;margin-left: 0px !important;background-image: url(https:\/\/kurguasansor.com.tr\/wp-content\/uploads\/2015\/07\/bg-process.jpg?id=267) !important;}\u00a0\u00bb el_class=\u00a0\u00bbmargin-bottom-100&Prime;][vc_column][vc_row_inner layout=\u00a0\u00bbboxed\u00a0\u00bb parallax_style=\u00a0\u00bbnone\u00a0\u00bb parallax_scroll_effect=\u00a0\u00bbfixed\u00a0\u00bb el_class=\u00a0\u00bbmargin-bottom-100 margin-top-100&Prime;][vc_column_inner el_class=\u00a0\u00bbcol-md-3 col-sm-12 col-xs-12&Prime; width=\u00a0\u00bb1\/4&Prime;]\t\t\t<div\n\t\t\t\tclass=\"darna-process style1  nolink\" >\n\t\t\t\t\t\t\t\t\t\t\t\t\t<h3>01\t\t\t\t\t\t\t<i class=\"fa fa-long-arrow-right\"><\/i>\n\t\t\t\t\t\t\t\t\t\t\t<\/h3>\n\t\t\t\t\t\t\t\t\t\t\t\t\t<h2>\n\t\t\t\t\t\t<a target=\"_self\"\n\t\t\t\t\t\t   href=\"#\">COMMANDE<\/a>\n\t\t\t\t\t<\/h2>\n\t\t\t\t\t\t\t\t\t<p>Les commandes de nos clients sont trait\u00e9es dans notre syst\u00e8me et le processus de production est lanc\u00e9.<\/p>\n\t\t\t\t\t\t\t<\/div>\n\t\t\t[\/vc_column_inner][vc_column_inner el_class=\u00a0\u00bbcol-md-3 col-sm-12 col-xs-12&Prime; width=\u00a0\u00bb1\/4&Prime;]\t\t\t<div\n\t\t\t\tclass=\"darna-process style1  \" >\n\t\t\t\t\t\t\t\t\t\t\t\t\t<h3>02\t\t\t\t\t\t\t<i class=\"fa fa-long-arrow-right\"><\/i>\n\t\t\t\t\t\t\t\t\t\t\t<\/h3>\n\t\t\t\t\t\t\t\t\t\t\t\t\t<h2>\n\t\t\t\t\t\t<a target=\"_self\"\n\t\t\t\t\t\t   href=\"#\">PROJET &amp; PLANIFICATION<\/a>\n\t\t\t\t\t<\/h2>\n\t\t\t\t\t\t\t\t\t<p>Notre service de planification r\u00e9alise la planification des mati\u00e8res premi\u00e8res et les processus de projet.<\/p>\n\t\t\t\t\t\t\t<\/div>\n\t\t\t[\/vc_column_inner][vc_column_inner el_class=\u00a0\u00bbcol-md-3 col-sm-12 col-xs-12&Prime; width=\u00a0\u00bb1\/4&Prime;]\t\t\t<div\n\t\t\t\tclass=\"darna-process style1  \" >\n\t\t\t\t\t\t\t\t\t\t\t\t\t<h3>03\t\t\t\t\t\t\t<i class=\"fa fa-long-arrow-right\"><\/i>\n\t\t\t\t\t\t\t\t\t\t\t<\/h3>\n\t\t\t\t\t\t\t\t\t\t\t\t\t<h2>\n\t\t\t\t\t\t<a target=\"_self\"\n\t\t\t\t\t\t   href=\"#\">PRODUCTION<\/a>\n\t\t\t\t\t<\/h2>\n\t\t\t\t\t\t\t\t\t<p>Le processus de production est suivi \u00e9tape par \u00e9tape par notre personnel expert.<\/p>\n\t\t\t\t\t\t\t<\/div>\n\t\t\t[\/vc_column_inner][vc_column_inner el_class=\u00a0\u00bbcol-md-3 col-sm-12 col-xs-12&Prime; width=\u00a0\u00bb1\/4&Prime;]\t\t\t<div\n\t\t\t\tclass=\"darna-process style1  \" >\n\t\t\t\t\t\t\t\t\t\t\t\t\t<h3>04\t\t\t\t\t<\/h3>\n\t\t\t\t\t\t\t\t\t\t\t\t\t<h2>\n\t\t\t\t\t\t<a target=\"_self\"\n\t\t\t\t\t\t   href=\"#\">CONTR\u00d4LE DE QUALIT\u00c9<\/a>\n\t\t\t\t\t<\/h2>\n\t\t\t\t\t\t\t\t\t<p>Nos produits finis sont pr\u00e9par\u00e9s pour exp\u00e9dition apr\u00e8s contr\u00f4le qualit\u00e9.<\/p>\n\t\t\t\t\t\t\t<\/div>\n\t\t\t[\/vc_column_inner][\/vc_row_inner][\/vc_column][\/vc_row][vc_row layout=\u00a0\u00bbboxed\u00a0\u00bb parallax_style=\u00a0\u00bbnone\u00a0\u00bb parallax_scroll_effect=\u00a0\u00bbfixed\u00a0\u00bb el_class=\u00a0\u00bbmargin-bottom-65&Prime;][vc_column]\t\t\t<div\n\t\t\t\tclass=\"darna-heading style1 margin-bottom-40\" >\n\t\t\t\t\t\t\t\t\t<h2>GROUPES DE PRODUITS<\/h2>\n\t\t\t\t\t\t\t\t\t\t\t\t\t<p>CAT\u00c9GORIES DE NOS PRODUITS<\/p>\n\t\t\t\t\t\t\t<\/div>\n\t\t\t[vc_row_inner parallax_style=\u00a0\u00bbnone\u00a0\u00bb parallax_scroll_effect=\u00a0\u00bbfixed\u00a0\u00bb el_class=\u00a0\u00bbcolumn-equal-height\u00a0\u00bb][vc_column_inner el_class=\u00a0\u00bbcol-md-4 col-sm-6 col-xs-12 margin-bottom-35&Prime; width=\u00a0\u00bb1\/3&Prime;]\t\t\t<div\n\t\t\t\tclass=\"darna-icon-box style1 \" >\n\t\t\t\t<a class=\"ibox-icon\" title=\"\"\n\t\t\t\t   target=\"_self\" href=\"https:\/\/kurguasansor.com.tr\/urun-kategorileri\/kabinler\/\">\n\t\t\t\t\t\t\t\t\t\t\t<i class=\"fa fa-building\"><\/i>\n\t\t\t\t\t\t\t\t\t<\/a>\n\t\t\t\t\t\t\t\t\t<h3><a title=\"\" target=\"_self\"\n\t\t\t\t\t       href=\"https:\/\/kurguasansor.com.tr\/urun-kategorileri\/kabinler\/\">CABINES D&#039;ASCENSEUR<\/a><\/h3>\n\t\t\t\t\t\t\t\t\t<p>Nos mod\u00e8les de cabine avec de nombreuses caract\u00e9ristiques diff\u00e9rentes, diff\u00e9rents rev\u00eatements, diff\u00e9rentes options de miroir et de main courante.<\/p>\n\t\t\t\t\t\t\t<\/div>\n\t\t\t[\/vc_column_inner][vc_column_inner el_class=\u00a0\u00bbcol-md-4 col-sm-6 col-xs-12 margin-bottom-35&Prime; width=\u00a0\u00bb1\/3&Prime;]\t\t\t<div\n\t\t\t\tclass=\"darna-icon-box style1 \" >\n\t\t\t\t<a class=\"ibox-icon\" title=\"\"\n\t\t\t\t   target=\"_self\" href=\"https:\/\/kurguasansor.com.tr\/urun-kategorileri\/otomatik-asansor-kapilari\/\">\n\t\t\t\t\t\t\t\t\t\t\t<i class=\"flaticon-switch9\"><\/i>\n\t\t\t\t\t\t\t\t\t<\/a>\n\t\t\t\t\t\t\t\t\t<h3><a title=\"\" target=\"_self\"\n\t\t\t\t\t       href=\"https:\/\/kurguasansor.com.tr\/urun-kategorileri\/otomatik-asansor-kapilari\/\">PORTES ASCENSANTES AUTOMATIQUES<\/a><\/h3>\n\t\t\t\t\t\t\t\t\t<p>Nos mod\u00e8les de portes avec de nombreuses caract\u00e9ristiques diff\u00e9rentes, diff\u00e9rentes mati\u00e8res premi\u00e8res et diff\u00e9rentes options.<\/p>\n\t\t\t\t\t\t\t<\/div>\n\t\t\t[\/vc_column_inner][vc_column_inner el_class=\u00a0\u00bbcol-md-4 col-sm-6 col-xs-12 margin-bottom-35&Prime; width=\u00a0\u00bb1\/3&Prime;]\t\t\t<div\n\t\t\t\tclass=\"darna-icon-box style1 \" >\n\t\t\t\t<a class=\"ibox-icon\" title=\"\"\n\t\t\t\t   target=\"_self\" href=\"https:\/\/kurguasansor.com.tr\/urun-kategorileri\/kumanda-panolari\/\">\n\t\t\t\t\t\t\t\t\t\t\t<i class=\"fa fa-th-list\"><\/i>\n\t\t\t\t\t\t\t\t\t<\/a>\n\t\t\t\t\t\t\t\t\t<h3><a title=\"\" target=\"_self\"\n\t\t\t\t\t       href=\"https:\/\/kurguasansor.com.tr\/urun-kategorileri\/kumanda-panolari\/\">PANNEAUX DE COMMANDE<\/a><\/h3>\n\t\t\t\t\t\t\t\t\t<p>Nos panneaux avec diff\u00e9rentes caract\u00e9ristiques, diff\u00e9rentes apparences, diff\u00e9rentes couleurs et options.<\/p>\n\t\t\t\t\t\t\t<\/div>\n\t\t\t[\/vc_column_inner][vc_column_inner el_class=\u00a0\u00bbcol-md-4 col-sm-6 col-xs-12 margin-bottom-35&Prime; width=\u00a0\u00bb1\/3&Prime;]\t\t\t<div\n\t\t\t\tclass=\"darna-icon-box style1 \" >\n\t\t\t\t<a class=\"ibox-icon\" title=\"\"\n\t\t\t\t   target=\"_self\" href=\"https:\/\/kurguasansor.com.tr\/urun-kategorileri\/makine-sehpalari\/\">\n\t\t\t\t\t\t\t\t\t\t\t<i class=\"fa fa-text-width\"><\/i>\n\t\t\t\t\t\t\t\t\t<\/a>\n\t\t\t\t\t\t\t\t\t<h3><a title=\"\" target=\"_self\"\n\t\t\t\t\t       href=\"https:\/\/kurguasansor.com.tr\/urun-kategorileri\/makine-sehpalari\/\">TABLES MACHINES<\/a><\/h3>\n\t\t\t\t\t\t\t\t\t<p>Nos mod\u00e8les fabriqu\u00e9s avec soin dans quelques options diff\u00e9rentes...<\/p>\n\t\t\t\t\t\t\t<\/div>\n\t\t\t[\/vc_column_inner][vc_column_inner el_class=\u00a0\u00bbcol-md-4 col-sm-6 col-xs-12 margin-bottom-35&Prime; width=\u00a0\u00bb1\/3&Prime;]\t\t\t<div\n\t\t\t\tclass=\"darna-icon-box style1 \" >\n\t\t\t\t<a class=\"ibox-icon\" title=\"\"\n\t\t\t\t   target=\"_self\" href=\"#\">\n\t\t\t\t\t\t\t\t\t\t\t<i class=\"fa fa-unlink\"><\/i>\n\t\t\t\t\t\t\t\t\t<\/a>\n\t\t\t\t\t\t\t\t\t<h3><a title=\"\" target=\"_self\"\n\t\t\t\t\t       href=\"#\">SUSPENSIONS<\/a><\/h3>\n\t\t\t\t\t\t\t\t\t<p>Des suspensions avec de nombreuses propri\u00e9t\u00e9s diff\u00e9rentes, diff\u00e9rentes mati\u00e8res premi\u00e8res et diff\u00e9rentes options.<\/p>\n\t\t\t\t\t\t\t<\/div>\n\t\t\t[\/vc_column_inner][vc_column_inner el_class=\u00a0\u00bbcol-md-4 col-sm-6 col-xs-12 margin-bottom-35&Prime; width=\u00a0\u00bb1\/3&Prime;]\t\t\t<div\n\t\t\t\tclass=\"darna-icon-box style1 \" >\n\t\t\t\t<a class=\"ibox-icon\" title=\"\"\n\t\t\t\t   target=\"_self\" href=\"https:\/\/kurguasansor.com.tr\/urun-kategorileri\/agirlik-karkaslari\/\">\n\t\t\t\t\t\t\t\t\t\t\t<i class=\"fa fa-upload\"><\/i>\n\t\t\t\t\t\t\t\t\t<\/a>\n\t\t\t\t\t\t\t\t\t<h3><a title=\"\" target=\"_self\"\n\t\t\t\t\t       href=\"https:\/\/kurguasansor.com.tr\/urun-kategorileri\/agirlik-karkaslari\/\">POIDS CARCASSES<\/a><\/h3>\n\t\t\t\t\t\t\t\t\t<p>Des carcasses de poids avec de nombreuses caract\u00e9ristiques diff\u00e9rentes, diff\u00e9rentes mati\u00e8res premi\u00e8res et diff\u00e9rentes options\u2026<\/p>\n\t\t\t\t\t\t\t<\/div>\n\t\t\t[\/vc_column_inner][\/vc_row_inner][\/vc_column][\/vc_row][vc_row parallax_style=\u00a0\u00bbvertical-parallax\u00a0\u00bb parallax_scroll_effect=\u00a0\u00bbfixed\u00a0\u00bb css=\u00a0\u00bb.vc_custom_1645371513104{background-image: url(https:\/\/kurguasansor.com.tr\/wp-content\/uploads\/2015\/07\/bg.jpg?id=624) !important;background-position: 0 0 !important;background-repeat: repeat !important;}\u00a0\u00bb][vc_column][vc_row_inner layout=\u00a0\u00bbcontainer-fluid\u00a0\u00bb overlay_set=\u00a0\u00bbshow_overlay_color\u00a0\u00bb parallax_style=\u00a0\u00bbnone\u00a0\u00bb parallax_scroll_effect=\u00a0\u00bbfixed\u00a0\u00bb][vc_column_inner el_class=\u00a0\u00bbcol-md-3 col-sm-12 col-xs-12&Prime; width=\u00a0\u00bb1\/4&Prime;]\t\t\t<div class=\"darna-counter \">\n\t\t\t\t\t\t\t\t\t<span class=\"display-percentage\" style=\"color: \"\n\t\t\t\t\t\t  data-percentage=\"14\">14<\/span>\n\t\t\t\t\t\t\t\t\t\t\t<p class=\"counter-title\" style=\"color: \">Exporter Vers le Pays<\/p>\n\t\t\t\t\t\t\t\t<\/div>\n\t\t\t[\/vc_column_inner][vc_column_inner el_class=\u00a0\u00bbcol-md-3 col-sm-12 col-xs-12&Prime; width=\u00a0\u00bb1\/4&Prime;]\t\t\t<div class=\"darna-counter \">\n\t\t\t\t\t\t\t\t\t<span class=\"display-percentage\" style=\"color: \"\n\t\t\t\t\t\t  data-percentage=\"30\">30<\/span>\n\t\t\t\t\t\t\t\t\t\t\t<p class=\"counter-title\" style=\"color: \">Des Ann\u00e9es D'exp\u00e9rience<\/p>\n\t\t\t\t\t\t\t\t<\/div>\n\t\t\t[\/vc_column_inner][vc_column_inner el_class=\u00a0\u00bbcol-md-3 col-sm-12 col-xs-12&Prime; width=\u00a0\u00bb1\/4&Prime;]\t\t\t<div class=\"darna-counter \">\n\t\t\t\t\t\t\t\t\t<span class=\"display-percentage\" style=\"color: \"\n\t\t\t\t\t\t  data-percentage=\"1250\">1250<\/span>\n\t\t\t\t\t\t\t\t\t\t\t<p class=\"counter-title\" style=\"color: \">Production Annuelle<\/p>\n\t\t\t\t\t\t\t\t<\/div>\n\t\t\t[\/vc_column_inner][vc_column_inner el_class=\u00a0\u00bbcol-md-3 col-sm-12 col-xs-12&Prime; width=\u00a0\u00bb1\/4&Prime;]\t\t\t<div class=\"darna-counter \">\n\t\t\t\t\t\t\t\t\t<span class=\"display-percentage\" style=\"color: \"\n\t\t\t\t\t\t  data-percentage=\"30\">30<\/span>\n\t\t\t\t\t\t\t\t\t\t\t<p class=\"counter-title\" style=\"color: \">Personnel Expert<\/p>\n\t\t\t\t\t\t\t\t<\/div>\n\t\t\t[\/vc_column_inner][\/vc_row_inner][\/vc_column][\/vc_row][vc_row parallax_style=\u00a0\u00bbnone\u00a0\u00bb parallax_scroll_effect=\u00a0\u00bbfixed\u00a0\u00bb css=\u00a0\u00bb.vc_custom_1645111652176{padding-top: 20px !important;background-color: #f7f7f7 !important;}\u00a0\u00bb][vc_column][vc_row_inner layout=\u00a0\u00bbboxed\u00a0\u00bb parallax_style=\u00a0\u00bbnone\u00a0\u00bb parallax_scroll_effect=\u00a0\u00bbfixed\u00a0\u00bb][vc_column_inner el_class=\u00a0\u00bbcol-md-6 col-sm-12&Prime; width=\u00a0\u00bb1\/2&Prime;][vc_video link=\u00a0\u00bbhttps:\/\/youtu.be\/niixKsigCbE\u00a0\u00bb title=\u00a0\u00bbBANDE ANNONCE\u00a0\u00bb][\/vc_column_inner][vc_column_inner el_class=\u00a0\u00bbcol-md-6 col-sm-12&Prime; width=\u00a0\u00bb1\/2&Prime; css=\u00a0\u00bb.vc_custom_1437822070553{padding-top: 38px !important;}\u00a0\u00bb][vc_empty_space height=\u00a0\u00bb45px\u00a0\u00bb][vc_custom_heading text=\u00a0\u00bbPour une mont\u00e9e \u00e9quilibr\u00e9e, ASCENSEUR KURGU INC.\u00a0\u00bb font_container=\u00a0\u00bbtag:h2|font_size:25|text_align:left|color:%231a9caf\u00a0\u00bb google_fonts=\u00a0\u00bbfont_family:Oswald%3A300%2Cregular%2C700|font_style:400%20regular%3A400%3Anormal\u00a0\u00bb][vc_column_text css=\u00a0\u00bb.vc_custom_1645615618918{margin-top: 28px !important;margin-bottom: 33px !important;}\u00a0\u00bb]La vid\u00e9o promotionnelle que nous avons pr\u00e9par\u00e9e pour vous, nos pr\u00e9cieux clients. Il y a des images de notre usine situ\u00e9e dans la 2\u00e8me partie de la zone industrielle organis\u00e9e d&rsquo;Antalya. Cette vid\u00e9o est en direct sur notre CHA\u00ceNE YOUTUBE. Vous pouvez visiter notre cha\u00eene pour d&rsquo;autres vid\u00e9os.[\/vc_column_text]\t\t\t\t\t\t<a class=\"darna-button size-md style3 icon-left  \"\n\t\t\t   href=\"https:\/\/youtube.com\"\n\t\t\t   title=\"CHA\u00ceNE YOUTUBE\"\n\t\t\t   target=\"_blank\"\n\t\t\t\t>\n\t\t\t\t<i class=\"fa fa-youtube-square\"><\/i> CHA\u00ceNE YOUTUBE\t\t\t<\/a>\n\t\t\t\t\t[\/vc_column_inner][\/vc_row_inner][\/vc_column][\/vc_row][vc_row css=\u00a0\u00bb.vc_custom_1645038576212{padding-top: 0px !important;padding-bottom: 0px !important;}\u00a0\u00bb][vc_column css=\u00a0\u00bb.vc_custom_1645042214431{padding-top: 0px !important;padding-bottom: 0px !important;}\u00a0\u00bb][vc_text_separator title=\u00a0\u00bb\u00a0\u00bb i_icon_fontawesome=\u00a0\u00bbfas fa-chevron-down\u00a0\u00bb i_color=\u00a0\u00bbgrey\u00a0\u00bb i_size=\u00a0\u00bblg\u00a0\u00bb border_width=\u00a0\u00bb2&Prime; add_icon=\u00a0\u00bbtrue\u00a0\u00bb][\/vc_column][\/vc_row][vc_row css=\u00a0\u00bb.vc_custom_1645038576212{padding-top: 0px !important;padding-bottom: 0px !important;}\u00a0\u00bb][vc_column css=\u00a0\u00bb.vc_custom_1645042214431{padding-top: 0px !important;padding-bottom: 0px !important;}\u00a0\u00bb]\t\t\t<div class=\"darna-partner-carousel opacity70  \" >\n\t\t\t    <div class=\"owl-carousel\" data-plugin-options='{\"items\" : 5, \"autoPlay\": true,\"pagination\": true,\"navigation\": true}'>\n                                        <div class=\"content-middle-inner\"><img loading=\"lazy\" decoding=\"async\" class=\"\" src=\"https:\/\/i0.wp.com\/kurguasansor.com.tr\/wp-content\/uploads\/2022\/02\/prolift-150x128.jpg\" width=\"150\" height=\"128\" alt=\"prolift\" title=\"prolift\" \/><\/div>\n                                            <div class=\"content-middle-inner\"><img loading=\"lazy\" decoding=\"async\" class=\"\" src=\"https:\/\/i0.wp.com\/kurguasansor.com.tr\/wp-content\/uploads\/2022\/02\/fermator-150x128.jpg\" width=\"150\" height=\"128\" alt=\"fermator\" title=\"fermator\" \/><\/div>\n                                            <div class=\"content-middle-inner\"><img loading=\"lazy\" decoding=\"async\" class=\"\" src=\"https:\/\/i0.wp.com\/kurguasansor.com.tr\/wp-content\/uploads\/2022\/02\/celikray-150x128.jpg\" width=\"150\" height=\"128\" alt=\"celikray\" title=\"celikray\" \/><\/div>\n                                            <div class=\"content-middle-inner\"><img loading=\"lazy\" decoding=\"async\" class=\"\" src=\"https:\/\/i0.wp.com\/kurguasansor.com.tr\/wp-content\/uploads\/2022\/02\/akar-150x128.jpg\" width=\"150\" height=\"128\" alt=\"akar\" title=\"akar\" \/><\/div>\n                                            <div class=\"content-middle-inner\"><img loading=\"lazy\" decoding=\"async\" class=\"\" src=\"https:\/\/i0.wp.com\/kurguasansor.com.tr\/wp-content\/uploads\/2022\/02\/akis-150x128.jpg\" width=\"150\" height=\"128\" alt=\"akis\" title=\"akis\" \/><\/div>\n                                            <div class=\"content-middle-inner\"><img loading=\"lazy\" decoding=\"async\" class=\"\" src=\"https:\/\/i0.wp.com\/kurguasansor.com.tr\/wp-content\/uploads\/2022\/02\/argeset-150x128.jpg\" width=\"150\" height=\"128\" alt=\"argeset\" title=\"argeset\" \/><\/div>\n                                            <div class=\"content-middle-inner\"><img loading=\"lazy\" decoding=\"async\" class=\"\" src=\"https:\/\/i0.wp.com\/kurguasansor.com.tr\/wp-content\/uploads\/2022\/02\/fupa-150x128.jpg\" width=\"150\" height=\"128\" alt=\"fupa\" title=\"fupa\" \/><\/div>\n                                            <div class=\"content-middle-inner\"><img loading=\"lazy\" decoding=\"async\" class=\"\" src=\"https:\/\/i0.wp.com\/kurguasansor.com.tr\/wp-content\/uploads\/2022\/02\/ozray-150x128.jpg\" width=\"150\" height=\"128\" alt=\"ozray\" title=\"ozray\" \/><\/div>\n                                            <div class=\"content-middle-inner\"><img loading=\"lazy\" decoding=\"async\" class=\"\" src=\"https:\/\/i0.wp.com\/kurguasansor.com.tr\/wp-content\/uploads\/2022\/02\/kleemann-150x128.jpg\" width=\"150\" height=\"128\" alt=\"kleemann\" title=\"kleemann\" \/><\/div>\n                                            <div class=\"content-middle-inner\"><img loading=\"lazy\" decoding=\"async\" class=\"\" src=\"https:\/\/i0.wp.com\/kurguasansor.com.tr\/wp-content\/uploads\/2022\/02\/alberto-150x128.jpg\" width=\"150\" height=\"128\" alt=\"alberto\" title=\"alberto\" \/><\/div>\n                                            <div class=\"content-middle-inner\"><img loading=\"lazy\" decoding=\"async\" class=\"\" src=\"https:\/\/i0.wp.com\/kurguasansor.com.tr\/wp-content\/uploads\/2022\/02\/wittur-150x128.jpg\" width=\"150\" height=\"128\" alt=\"wittur\" title=\"wittur\" \/><\/div>\n                    \t\t\t    <\/div>\n            <\/div>\n            [\/vc_column][\/vc_row]<\/p>","protected":false},"excerpt":{"rendered":"<p>[vc_row css=\u00a0\u00bb.vc_custom_1644860805983{padding-top: 2px !important;padding-bottom: 2px !important;background-color: #353a47 !important;}\u00a0\u00bb][vc_column][\/vc_column][\/vc_row][vc_row parallax_style=\u00a0\u00bbnone\u00a0\u00bb parallax_scroll_effect=\u00a0\u00bbfixed\u00a0\u00bb][vc_column][rev_slider_vc alias=\u00a0\u00bbkurgu-tr-11&Prime;][\/vc_column][\/vc_row][vc_row css=\u00a0\u00bb.vc_custom_1644860805983{padding-top: 2px !important;padding-bottom: 2px !important;background-color: #353a47 !important;}\u00a0\u00bb][vc_column][\/vc_column][\/vc_row][vc_row layout=\u00a0\u00bbboxed\u00a0\u00bb parallax_style=\u00a0\u00bbnone\u00a0\u00bb parallax_scroll_effect=\u00a0\u00bbfixed\u00a0\u00bb el_class=\u00a0\u00bbtext-center margin-bottom-100&Prime; css=\u00a0\u00bb.vc_custom_1644868447852{padding-top: 15px !important;}\u00a0\u00bb][vc_column width=\u00a0\u00bb5\/12&Prime; el_class=\u00a0\u00bbcol-md-5 col-sm-12 col-xs-12&Prime;][vc_empty_space height=\u00a0\u00bb35px\u00a0\u00bb][vc_single_image image=\u00a0\u00bb1088&Prime; img_size=\u00a0\u00bbfull\u00a0\u00bb][\/vc_column][vc_column width=\u00a0\u00bb7\/12&Prime; css=\u00a0\u00bb.vc_custom_1644868469175{padding-top: 57px !important;}\u00a0\u00bb el_class=\u00a0\u00bbcol-md-7 col-sm-12 col-xs-12&Prime;][vc_column_text css=\u00a0\u00bb.vc_custom_1645615022595{padding-top: 33px !important;padding-bottom: 33px !important;}\u00a0\u00bb] Notre soci\u00e9t\u00e9, qui op\u00e8re dans le \u00ab\u00a0projet, conception, fabrication et [&hellip;]<\/p>\n","protected":false},"author":1,"featured_media":0,"parent":0,"menu_order":0,"comment_status":"closed","ping_status":"closed","template":"","meta":{"footnotes":""},"class_list":["post-106","page","type-page","status-publish","hentry"],"jetpack_sharing_enabled":true,"_links":{"self":[{"href":"https:\/\/kurguasansor.com.tr\/fr\/wp-json\/wp\/v2\/pages\/106","targetHints":{"allow":["GET"]}}],"collection":[{"href":"https:\/\/kurguasansor.com.tr\/fr\/wp-json\/wp\/v2\/pages"}],"about":[{"href":"https:\/\/kurguasansor.com.tr\/fr\/wp-json\/wp\/v2\/types\/page"}],"author":[{"embeddable":true,"href":"https:\/\/kurguasansor.com.tr\/fr\/wp-json\/wp\/v2\/users\/1"}],"replies":[{"embeddable":true,"href":"https:\/\/kurguasansor.com.tr\/fr\/wp-json\/wp\/v2\/comments?post=106"}],"version-history":[{"count":97,"href":"https:\/\/kurguasansor.com.tr\/fr\/wp-json\/wp\/v2\/pages\/106\/revisions"}],"predecessor-version":[{"id":2808,"href":"https:\/\/kurguasansor.com.tr\/fr\/wp-json\/wp\/v2\/pages\/106\/revisions\/2808"}],"wp:attachment":[{"href":"https:\/\/kurguasansor.com.tr\/fr\/wp-json\/wp\/v2\/media?parent=106"}],"curies":[{"name":"wp","href":"https:\/\/api.w.org\/{rel}","templated":true}]}}