{"id":2320,"date":"2022-02-20T16:56:39","date_gmt":"2022-02-20T13:56:39","guid":{"rendered":"https:\/\/kurguasansor.com.tr\/?post_type=product&#038;p=2320"},"modified":"2022-02-25T23:42:36","modified_gmt":"2022-02-25T20:42:36","slug":"kurgu-kabin-4200","status":"publish","type":"product","link":"https:\/\/kurguasansor.com.tr\/fr\/product\/kurgu-kabin-4200\/","title":{"rendered":"KRG-4200"},"content":{"rendered":"","protected":false},"excerpt":{"rendered":"<h3>DESCRIPTION DU PRODUIT;<\/h3>\n<h5>PAROIS LAT\u00c9RALES : <span class=\"Y2IQFc\" lang=\"fr\">&lsquo;Satine&rsquo;, inoxydable<\/span><\/h5>\n<h5>MIROITER : <span class=\"Y2IQFc\" lang=\"fr\">Miroir d\u00e9coratif, acier inoxydable<\/span><\/h5>\n<h5>PLAFOND : <span class=\"Y2IQFc\" lang=\"fr\">Plafond plat en escalier<\/span><\/h5>\n<h5>SOCLE : <span class=\"Y2IQFc\" lang=\"fr\">Rev\u00eatement d\u00e9coratif en PVC de pierre de rivi\u00e8re<\/span><\/h5>\n<h5>CINTRE: <span class=\"Y2IQFc\" lang=\"fr\">Type unique en acier inoxydable<\/span><\/h5>\n<h5>ACCESSOIRE : <span class=\"Y2IQFc\" lang=\"fr\">Inox &lsquo;satin\u00e9&rsquo;<\/span><\/h5>\n","protected":false},"featured_media":2451,"template":"","meta":[],"product_cat":[75,79],"product_tag":[],"class_list":["post-2320","product","type-product","status-publish","has-post-thumbnail","hentry","product_cat-kabinler","product_cat-yolcu-kabinler"],"jetpack_sharing_enabled":true,"_links":{"self":[{"href":"https:\/\/kurguasansor.com.tr\/fr\/wp-json\/wp\/v2\/product\/2320","targetHints":{"allow":["GET"]}}],"collection":[{"href":"https:\/\/kurguasansor.com.tr\/fr\/wp-json\/wp\/v2\/product"}],"about":[{"href":"https:\/\/kurguasansor.com.tr\/fr\/wp-json\/wp\/v2\/types\/product"}],"wp:featuredmedia":[{"embeddable":true,"href":"https:\/\/kurguasansor.com.tr\/fr\/wp-json\/wp\/v2\/media\/2451"}],"wp:attachment":[{"href":"https:\/\/kurguasansor.com.tr\/fr\/wp-json\/wp\/v2\/media?parent=2320"}],"wp:term":[{"taxonomy":"product_cat","embeddable":true,"href":"https:\/\/kurguasansor.com.tr\/fr\/wp-json\/wp\/v2\/product_cat?post=2320"},{"taxonomy":"product_tag","embeddable":true,"href":"https:\/\/kurguasansor.com.tr\/fr\/wp-json\/wp\/v2\/product_tag?post=2320"}],"curies":[{"name":"wp","href":"https:\/\/api.w.org\/{rel}","templated":true}]}}