{"id":2326,"date":"2022-02-20T17:47:06","date_gmt":"2022-02-20T14:47:06","guid":{"rendered":"https:\/\/kurguasansor.com.tr\/?post_type=product&#038;p=2326"},"modified":"2022-02-25T23:24:28","modified_gmt":"2022-02-25T20:24:28","slug":"kurgu-kabin-4201","status":"publish","type":"product","link":"https:\/\/kurguasansor.com.tr\/fr\/product\/kurgu-kabin-4201\/","title":{"rendered":"KRG-4201"},"content":{"rendered":"","protected":false},"excerpt":{"rendered":"<h3>DESCRIPTION DU PRODUIT;<\/h3>\n<h5>PAROIS LAT\u00c9RALES : <span class=\"Y2IQFc\" lang=\"fr\">Soudage par points inoxydable<\/span><\/h5>\n<h5>MIROITER : <span class=\"Y2IQFc\" lang=\"fr\">Miroir d\u00e9coratif, inoxydable<\/span><\/h5>\n<h5>PLAFOND : <span class=\"Y2IQFc\" lang=\"fr\">Projecteur de plafond laser<\/span><\/h5>\n<h5>SOCLE : <span class=\"Y2IQFc\" lang=\"fr\">Rev\u00eatement d\u00e9coratif en pierre de rivi\u00e8re en PVC<\/span><\/h5>\n<h5>CINTRE: <span class=\"Y2IQFc\" lang=\"fr\">Type unique en acier inoxydable<\/span><\/h5>\n<h5>ACCESSOIRE : <span class=\"Y2IQFc\" lang=\"fr\">Type \u00ab\u00a0satin\u00e9\u00a0\u00bb en acier inoxydable<\/span><\/h5>\n<p>&nbsp;<\/p>\n","protected":false},"featured_media":2457,"template":"","meta":[],"product_cat":[75,79],"product_tag":[],"class_list":["post-2326","product","type-product","status-publish","has-post-thumbnail","hentry","product_cat-kabinler","product_cat-yolcu-kabinler"],"jetpack_sharing_enabled":true,"_links":{"self":[{"href":"https:\/\/kurguasansor.com.tr\/fr\/wp-json\/wp\/v2\/product\/2326","targetHints":{"allow":["GET"]}}],"collection":[{"href":"https:\/\/kurguasansor.com.tr\/fr\/wp-json\/wp\/v2\/product"}],"about":[{"href":"https:\/\/kurguasansor.com.tr\/fr\/wp-json\/wp\/v2\/types\/product"}],"wp:featuredmedia":[{"embeddable":true,"href":"https:\/\/kurguasansor.com.tr\/fr\/wp-json\/wp\/v2\/media\/2457"}],"wp:attachment":[{"href":"https:\/\/kurguasansor.com.tr\/fr\/wp-json\/wp\/v2\/media?parent=2326"}],"wp:term":[{"taxonomy":"product_cat","embeddable":true,"href":"https:\/\/kurguasansor.com.tr\/fr\/wp-json\/wp\/v2\/product_cat?post=2326"},{"taxonomy":"product_tag","embeddable":true,"href":"https:\/\/kurguasansor.com.tr\/fr\/wp-json\/wp\/v2\/product_tag?post=2326"}],"curies":[{"name":"wp","href":"https:\/\/api.w.org\/{rel}","templated":true}]}}