{"id":2342,"date":"2022-02-20T18:19:16","date_gmt":"2022-02-20T15:19:16","guid":{"rendered":"https:\/\/kurguasansor.com.tr\/?post_type=product&#038;p=2342"},"modified":"2022-02-25T23:24:09","modified_gmt":"2022-02-25T20:24:09","slug":"kurgu-kabin-4203","status":"publish","type":"product","link":"https:\/\/kurguasansor.com.tr\/fr\/product\/kurgu-kabin-4203\/","title":{"rendered":"KRG-4203"},"content":{"rendered":"","protected":false},"excerpt":{"rendered":"<h3>DESCRIPTION DU PRODUIT;<\/h3>\n<h5>PAROIS LAT\u00c9RALES : <span class=\"Y2IQFc\" lang=\"fr\">Inox type Satin\u00e9 + Plaque Design<\/span><\/h5>\n<h5>MIROITER : <span class=\"Y2IQFc\" lang=\"fr\">Miroir d\u00e9coratif<\/span><\/h5>\n<h5>PLAFOND : <span class=\"Y2IQFc\" lang=\"fr\">Plafond de pose en gradins<\/span><\/h5>\n<h5>SOCLE : <span class=\"Y2IQFc\" lang=\"fr\">Rev\u00eatement d\u00e9coratif en pierre de rivi\u00e8re en PVC<\/span><\/h5>\n<h5>CINTRE: <span class=\"Y2IQFc\" lang=\"fr\">Type unique en acier inoxydable<\/span><\/h5>\n<h5>ACCESSOIRE : <span class=\"Y2IQFc\" lang=\"fr\">Type inox satin\u00e9<\/span><\/h5>\n","protected":false},"featured_media":2461,"template":"","meta":[],"product_cat":[75,79],"product_tag":[],"class_list":["post-2342","product","type-product","status-publish","has-post-thumbnail","hentry","product_cat-kabinler","product_cat-yolcu-kabinler"],"jetpack_sharing_enabled":true,"_links":{"self":[{"href":"https:\/\/kurguasansor.com.tr\/fr\/wp-json\/wp\/v2\/product\/2342","targetHints":{"allow":["GET"]}}],"collection":[{"href":"https:\/\/kurguasansor.com.tr\/fr\/wp-json\/wp\/v2\/product"}],"about":[{"href":"https:\/\/kurguasansor.com.tr\/fr\/wp-json\/wp\/v2\/types\/product"}],"wp:featuredmedia":[{"embeddable":true,"href":"https:\/\/kurguasansor.com.tr\/fr\/wp-json\/wp\/v2\/media\/2461"}],"wp:attachment":[{"href":"https:\/\/kurguasansor.com.tr\/fr\/wp-json\/wp\/v2\/media?parent=2342"}],"wp:term":[{"taxonomy":"product_cat","embeddable":true,"href":"https:\/\/kurguasansor.com.tr\/fr\/wp-json\/wp\/v2\/product_cat?post=2342"},{"taxonomy":"product_tag","embeddable":true,"href":"https:\/\/kurguasansor.com.tr\/fr\/wp-json\/wp\/v2\/product_tag?post=2342"}],"curies":[{"name":"wp","href":"https:\/\/api.w.org\/{rel}","templated":true}]}}