{"id":2465,"date":"2022-02-21T22:06:34","date_gmt":"2022-02-21T19:06:34","guid":{"rendered":"https:\/\/kurguasansor.com.tr\/?post_type=product&#038;p=2465"},"modified":"2022-02-25T23:23:50","modified_gmt":"2022-02-25T20:23:50","slug":"kurgu-kabin-krg-5200","status":"publish","type":"product","link":"https:\/\/kurguasansor.com.tr\/fr\/product\/kurgu-kabin-krg-5200\/","title":{"rendered":"KRG-5200"},"content":{"rendered":"","protected":false},"excerpt":{"rendered":"<h3>DESCRIPTION DU PRODUIT;<\/h3>\n<h5>PAROIS LAT\u00c9RALES : <span class=\"Y2IQFc\" lang=\"fr\">4 + 4 Verre feuillet\u00e9<\/span><\/h5>\n<h5>MIROITER : <span class=\"Y2IQFc\" lang=\"fr\">Miroir d\u00e9coratif \u00ab\u00a0psl\u00a0\u00bb<\/span><\/h5>\n<h5>PLAFOND : <span class=\"Y2IQFc\" lang=\"fr\">Plafond led incurv\u00e9<\/span><\/h5>\n<h5>SOCLE : <span class=\"Y2IQFc\" lang=\"fr\">Rev\u00eatement d\u00e9coratif en pierre de rivi\u00e8re en PVC<\/span><\/h5>\n<h5>CINTRE: <span class=\"Y2IQFc\" lang=\"fr\">Main courante simple en acier inoxydable<\/span><\/h5>\n<h5>ACCESSOIRE : <span class=\"Y2IQFc\" lang=\"fr\">Accessoire en acier inoxydable et satin\u00e9<\/span><\/h5>\n<p>&nbsp;<\/p>\n","protected":false},"featured_media":2463,"template":"","meta":[],"product_cat":[75,79],"product_tag":[],"class_list":["post-2465","product","type-product","status-publish","has-post-thumbnail","hentry","product_cat-kabinler","product_cat-yolcu-kabinler"],"jetpack_sharing_enabled":true,"_links":{"self":[{"href":"https:\/\/kurguasansor.com.tr\/fr\/wp-json\/wp\/v2\/product\/2465","targetHints":{"allow":["GET"]}}],"collection":[{"href":"https:\/\/kurguasansor.com.tr\/fr\/wp-json\/wp\/v2\/product"}],"about":[{"href":"https:\/\/kurguasansor.com.tr\/fr\/wp-json\/wp\/v2\/types\/product"}],"wp:featuredmedia":[{"embeddable":true,"href":"https:\/\/kurguasansor.com.tr\/fr\/wp-json\/wp\/v2\/media\/2463"}],"wp:attachment":[{"href":"https:\/\/kurguasansor.com.tr\/fr\/wp-json\/wp\/v2\/media?parent=2465"}],"wp:term":[{"taxonomy":"product_cat","embeddable":true,"href":"https:\/\/kurguasansor.com.tr\/fr\/wp-json\/wp\/v2\/product_cat?post=2465"},{"taxonomy":"product_tag","embeddable":true,"href":"https:\/\/kurguasansor.com.tr\/fr\/wp-json\/wp\/v2\/product_tag?post=2465"}],"curies":[{"name":"wp","href":"https:\/\/api.w.org\/{rel}","templated":true}]}}