{"id":2689,"date":"2022-02-24T12:37:15","date_gmt":"2022-02-24T09:37:15","guid":{"rendered":"https:\/\/kurguasansor.com.tr\/?post_type=product&#038;p=2689"},"modified":"2022-02-24T17:07:44","modified_gmt":"2022-02-24T14:07:44","slug":"k12lr","status":"publish","type":"product","link":"https:\/\/kurguasansor.com.tr\/fr\/product\/k12lr\/","title":{"rendered":"PORTE PALI\u00c8RE T\u00c9LESCOPIQUE K12LR-2 PANNEAU"},"content":{"rendered":"","protected":false},"excerpt":{"rendered":"<h3>PORTE PALI\u00c8RE T\u00c9LESCOPIQUE K12LR-2 PANNEAU<\/h3>\n","protected":false},"featured_media":2690,"template":"","meta":[],"product_cat":[84],"product_tag":[],"class_list":["post-2689","product","type-product","status-publish","has-post-thumbnail","hentry","product_cat-otomatik-asansor-kapilari"],"jetpack_sharing_enabled":true,"_links":{"self":[{"href":"https:\/\/kurguasansor.com.tr\/fr\/wp-json\/wp\/v2\/product\/2689","targetHints":{"allow":["GET"]}}],"collection":[{"href":"https:\/\/kurguasansor.com.tr\/fr\/wp-json\/wp\/v2\/product"}],"about":[{"href":"https:\/\/kurguasansor.com.tr\/fr\/wp-json\/wp\/v2\/types\/product"}],"wp:featuredmedia":[{"embeddable":true,"href":"https:\/\/kurguasansor.com.tr\/fr\/wp-json\/wp\/v2\/media\/2690"}],"wp:attachment":[{"href":"https:\/\/kurguasansor.com.tr\/fr\/wp-json\/wp\/v2\/media?parent=2689"}],"wp:term":[{"taxonomy":"product_cat","embeddable":true,"href":"https:\/\/kurguasansor.com.tr\/fr\/wp-json\/wp\/v2\/product_cat?post=2689"},{"taxonomy":"product_tag","embeddable":true,"href":"https:\/\/kurguasansor.com.tr\/fr\/wp-json\/wp\/v2\/product_tag?post=2689"}],"curies":[{"name":"wp","href":"https:\/\/api.w.org\/{rel}","templated":true}]}}