{"id":2691,"date":"2022-02-24T12:38:42","date_gmt":"2022-02-24T09:38:42","guid":{"rendered":"https:\/\/kurguasansor.com.tr\/?post_type=product&#038;p=2691"},"modified":"2022-02-24T17:09:16","modified_gmt":"2022-02-24T14:09:16","slug":"k16c","status":"publish","type":"product","link":"https:\/\/kurguasansor.com.tr\/fr\/product\/k16c\/","title":{"rendered":"K16C-6 PORTE PALI\u00c8RE \u00c0 PANNEAU"},"content":{"rendered":"","protected":false},"excerpt":{"rendered":"<h3>K16C-6 PORTE PALI\u00c8RE \u00c0 PANNEAU<\/h3>\n","protected":false},"featured_media":2692,"template":"","meta":[],"product_cat":[84],"product_tag":[],"class_list":["post-2691","product","type-product","status-publish","has-post-thumbnail","hentry","product_cat-otomatik-asansor-kapilari"],"jetpack_sharing_enabled":true,"_links":{"self":[{"href":"https:\/\/kurguasansor.com.tr\/fr\/wp-json\/wp\/v2\/product\/2691","targetHints":{"allow":["GET"]}}],"collection":[{"href":"https:\/\/kurguasansor.com.tr\/fr\/wp-json\/wp\/v2\/product"}],"about":[{"href":"https:\/\/kurguasansor.com.tr\/fr\/wp-json\/wp\/v2\/types\/product"}],"wp:featuredmedia":[{"embeddable":true,"href":"https:\/\/kurguasansor.com.tr\/fr\/wp-json\/wp\/v2\/media\/2692"}],"wp:attachment":[{"href":"https:\/\/kurguasansor.com.tr\/fr\/wp-json\/wp\/v2\/media?parent=2691"}],"wp:term":[{"taxonomy":"product_cat","embeddable":true,"href":"https:\/\/kurguasansor.com.tr\/fr\/wp-json\/wp\/v2\/product_cat?post=2691"},{"taxonomy":"product_tag","embeddable":true,"href":"https:\/\/kurguasansor.com.tr\/fr\/wp-json\/wp\/v2\/product_tag?post=2691"}],"curies":[{"name":"wp","href":"https:\/\/api.w.org\/{rel}","templated":true}]}}